{"id":42,"date":"2019-11-19T20:55:14","date_gmt":"2019-11-19T19:55:14","guid":{"rendered":"http:\/\/webek7.fuw.edu.pl\/ochota\/?page_id=42"},"modified":"2025-06-10T13:44:17","modified_gmt":"2025-06-10T11:44:17","slug":"o-projekcie","status":"publish","type":"page","link":"https:\/\/ochota.fuw.edu.pl\/index.php\/o-projekcie\/","title":{"rendered":"O projekcie"},"content":{"rendered":"\n<div class=\"wp-block-media-text alignwide is-stacked-on-mobile is-vertically-aligned-top\" style=\"grid-template-columns:20% auto\"><figure class=\"wp-block-media-text__media\"><img loading=\"lazy\" decoding=\"async\" width=\"198\" height=\"491\" src=\"http:\/\/ochota.fuw.edu.pl\/wp-content\/uploads\/2025\/06\/grzybek1.png\" alt=\"\" class=\"wp-image-134 size-full\"\/><\/figure><div class=\"wp-block-media-text__content\">\n<p class=\"has-text-align-left has-normal-font-size\">Projekt<strong>&nbsp;,,Ochota na Nauk\u0119&#8221; <\/strong>prowadzony jest przez <a href=\"https:\/\/www.ptf.net.pl\/warszawa\" data-type=\"URL\" data-id=\"https:\/\/www.ptf.net.pl\/warszawa\">Oddzia\u0142 Warszawski Polskiego Towarzystwa Fizycznego<\/a> i finansowany ze \u015brodk\u00f3w <a href=\"https:\/\/um.warszawa.pl\/\">Miasta Sto\u0142ecznego Warszawy<\/a> w ramach programu <a href=\"https:\/\/edukacja.um.warszawa.pl\/-\/aktywna-warszawska-mlodziez\">Aktywna Warszawska M\u0142odzie\u017c<\/a>. <\/p>\n\n\n\n<p class=\"has-text-align-left\">W ramach projektu nieformalne grupy m\u0142odzie\u017cowe mog\u0105 realizowa\u0107 w\u0142asne pomys\u0142y na badania naukowe lub dzia\u0142ania edukacyjne w dziedzinach nauk przyrodniczych i \u015bcis\u0142ych. W\u0142a\u015bnie rozpocznynamy si\u00f3dm\u0105 edycj\u0119 programu, kt\u00f3ra b\u0119dzie trwa\u0142a do ko\u0144ca roku szkolnego 2023\/2024. W tym czasie odb\u0119d\u0105 si\u0119 dwie sesje grantowe: jesienna i wiosenna. <\/p>\n\n\n\n<p class=\"has-text-align-left\">Ka\u017cda z naszych sesji grantowych przypomina doros\u0142e konkursy grantowe na badania naukowe. Grupa m\u0142odych badaczy przygotowuje wniosek grantowy z opisem swojego pomys\u0142u, harmonogramem pracy grupy oraz kosztorysem. Nades\u0142ane (elektronicznie) wnioski ocenia komisja z\u0142o\u017cona z pracownik\u00f3w naukowych Wydzia\u0142u Fizyki UW. Wybrane do finansowania wnioski s\u0105 nast\u0119pnie realizowane przy wsparciu organizator\u00f3w programu.  Wyniki prac s\u0105 prezentowane w czasie ko\u0144cowej konferencji, kt\u00f3ra odbywa si\u0119 w czerwcu.  <\/p>\n\n\n\n<p class=\"has-text-align-left\">Szczeg\u00f3\u0142owe informacje i warunki uczestnictwa znajdziecie w regulaminie w zak\u0142adce <a href=\"http:\/\/ochota.fuw.edu.pl\/index.php\/do-pobrania\/\">Do Pobrania<\/a>. <\/p>\n\n\n\n<p class=\"has-text-align-left\">W\u015br\u00f3d uczestnik\u00f3w programu by\u0142y dru\u017cyny startuj\u0105ce w Turnieju M\u0142odych Fizyk\u00f3w, uczestnicy konkursu EUCYS,  grupy znajomych chc\u0105cych za\u0142o\u017cy\u0107 szkolne ko\u0142o naukowe, chemicy, biolo\u017cki, konstruktorzy rakiet, konstruktorki samolot\u00f3w, tw\u00f3rcy Cyber Kaczki, robota ucz\u0105cego angielskiego i sztucznej inteligencji graj\u0105cej w siatk\u00f3wk\u0119. <\/p>\n\n\n\n<div class=\"wp-block-group\"><div class=\"wp-block-group__inner-container is-layout-flow wp-block-group-is-layout-flow\">\n<p class=\"has-text-align-left\">W ramach programu m\u0142odzie\u017c mo\u017ce korzysta\u0107 z przestrzeni nowoczesnego budynku Wydzia\u0142u Fizyki UW m.in. z&nbsp;Przestrzeni Wsp\u00f3lnego Namys\u0142u, czyli pomieszcze\u0144 przeznaczonych na rozmowy, dyskusje i prac\u0119, a tak\u017ce z laboratori\u00f3w nale\u017c\u0105cych do studenckich pracowni fizycznych. W ich sk\u0142ad wchodz\u0105 nowocze\u015bnie wyposa\u017cone pracownie mechaniczne, optyczne, elektroniczne. Znajduj\u0105 si\u0119 tam mi\u0119dzy innymi drukarki 3D, skaner, drukarki do drukowania na du\u017cych powierzchniach i wiele innych nowoczesnych urz\u0105dze\u0144 laboratoryjnych.<\/p>\n<\/div><\/div>\n\n\n\nngg_shortcode_0_placeholder\n<\/div><\/div>\n","protected":false},"excerpt":{"rendered":"","protected":false},"author":1,"featured_media":0,"parent":0,"menu_order":0,"comment_status":"closed","ping_status":"closed","template":"","meta":{"ngg_post_thumbnail":0,"footnotes":""},"class_list":["post-42","page","type-page","status-publish","hentry","no-image"],"_links":{"self":[{"href":"https:\/\/ochota.fuw.edu.pl\/index.php\/wp-json\/wp\/v2\/pages\/42","targetHints":{"allow":["GET"]}}],"collection":[{"href":"https:\/\/ochota.fuw.edu.pl\/index.php\/wp-json\/wp\/v2\/pages"}],"about":[{"href":"https:\/\/ochota.fuw.edu.pl\/index.php\/wp-json\/wp\/v2\/types\/page"}],"author":[{"embeddable":true,"href":"https:\/\/ochota.fuw.edu.pl\/index.php\/wp-json\/wp\/v2\/users\/1"}],"replies":[{"embeddable":true,"href":"https:\/\/ochota.fuw.edu.pl\/index.php\/wp-json\/wp\/v2\/comments?post=42"}],"version-history":[{"count":25,"href":"https:\/\/ochota.fuw.edu.pl\/index.php\/wp-json\/wp\/v2\/pages\/42\/revisions"}],"predecessor-version":[{"id":1309,"href":"https:\/\/ochota.fuw.edu.pl\/index.php\/wp-json\/wp\/v2\/pages\/42\/revisions\/1309"}],"wp:attachment":[{"href":"https:\/\/ochota.fuw.edu.pl\/index.php\/wp-json\/wp\/v2\/media?parent=42"}],"curies":[{"name":"wp","href":"https:\/\/api.w.org\/{rel}","templated":true}]}}