{"id":2,"date":"2019-11-19T13:00:10","date_gmt":"2019-11-19T12:00:10","guid":{"rendered":"http:\/\/webek7.fuw.edu.pl\/ochota\/?page_id=2"},"modified":"2025-09-01T14:19:42","modified_gmt":"2025-09-01T12:19:42","slug":"przykladowa-strona","status":"publish","type":"page","link":"https:\/\/ochota.fuw.edu.pl\/index.php\/przykladowa-strona\/","title":{"rendered":"Kontakt"},"content":{"rendered":"\n<div class=\"wp-block-media-text alignwide has-media-on-the-right is-stacked-on-mobile\" style=\"grid-template-columns:auto 36%\"><div class=\"wp-block-media-text__content\">\n<p class=\"has-text-align-left\">Nasz zesp\u00f3\u0142 i nasze umiej\u0119tno\u015bci:<\/p>\n\n\n\n<ul class=\"wp-block-list\">\n<li><strong>dr hab <a href=\"https:\/\/www.fuw.edu.pl\/~gmoreno\/\">Giovanni Moreno<\/a> (koordynator)<\/strong>: matematyka, elektronika, stolarstwo<\/li>\n\n\n\n<li><strong>dr hab <a href=\"https:\/\/www.fuw.edu.pl\/~konieczn\/\">Katarzyna Grabowska<\/a><\/strong>: matematyka, fizyka<\/li>\n\n\n\n<li><strong>mgr <a href=\"https:\/\/www.fuw.edu.pl\/osoby-fuw.html?show=364267\">Ma\u0142gorzata Jakubowska<\/a><\/strong>: fizyka do\u015bwiadczalna<\/li>\n\n\n\n<li><strong><a href=\"https:\/\/usosweb.fuw.edu.pl\/kontroler.php?_action=katalog2\/osoby\/pokazOsobe&amp;os_id=429438\">Kinga Dyka<\/a><\/strong>: fizyka medyczna, biologia<\/li>\n\n\n\n<li><strong><a href=\"https:\/\/usosweb.fuw.edu.pl\/kontroler.php?_action=katalog2\/osoby\/pokazOsobe&amp;os_id=397311\">Gabriela Niechwiadowicz<\/a>:<\/strong> robotyka, programowanie<\/li>\n\n\n\n<li><strong><a href=\"https:\/\/usosweb.fuw.edu.pl\/kontroler.php?_action=katalog2\/osoby\/pokazOsobe&amp;os_id=374939\">Jan Dziedziec<\/a><\/strong> (opiekun z <a href=\"https:\/\/makerspace.uw.edu.pl\/pl\/o-nas\/\">MakerSpace<\/a>): robotyka, programowanie, drony<\/li>\n\n\n\n<li><strong><a href=\"https:\/\/usosweb.fuw.edu.pl\/kontroler.php?_action=katalog2\/osoby\/pokazOsobe&amp;os_id=413685\">Jan Gers<\/a><\/strong>: robotyka, programowanie<\/li>\n\n\n\n<li><a href=\"https:\/\/usosweb.fuw.edu.pl\/kontroler.php?_action=katalog2\/osoby\/pokazOsobe&amp;os_id=413660\"><strong>Maria Walig\u00f3rska<\/strong><\/a>: robotyka, programowanie, sygna\u0142y bioelektryczne<\/li>\n\n\n\n<li><strong><a href=\"https:\/\/usosweb.fuw.edu.pl\/kontroler.php?_action=katalog2\/osoby\/pokazOsobe&amp;os_id=429469\">Karolina Winczewska<\/a><\/strong>: Programowanie, biologia, sygna\u0142y bioelektryczne<\/li>\n\n\n\n<li><strong><a href=\"https:\/\/usosweb.fuw.edu.pl\/kontroler.php?_action=katalog2\/osoby\/pokazOsobe&amp;os_id=427681\">Piotr Maksymiuk<\/a><\/strong>: robotyka, elektronika, programowanie<\/li>\n\n\n\n<li><a href=\"https:\/\/usosweb.fuw.edu.pl\/kontroler.php?_action=katalog2\/osoby\/pokazOsobe&amp;os_id=401051\">Barbara \u017belazko<\/a>: chemia<\/li>\n<\/ul>\n\n\n\n<p class=\"has-text-align-left\">Projekt realizuje <a href=\"https:\/\/www.ptf.net.pl\/warszawa\">Polskie Towarzystwo Fizyczne Oddzia\u0142 Warszawski<\/a> przy wsp\u00f3\u0142pracy z <a href=\"https:\/\/www.fuw.edu.pl\/home.html\">Wydzia\u0142em Fizyki UW<\/a><br><br>Zobacz te\u017c inne aktywno\u015bci PTF i Wydzia\u0142u Fizyki UW w dziedzinie edukacji:<\/p>\n\n\n\n<ul class=\"wp-block-list\">\n<li><a href=\"http:\/\/www.fuw.edu.pl\/pracownia-projektow-studenckich.html\">Pracowni\u0119 Projekt\u00f3w Studenckich FUW<\/a><\/li>\n\n\n\n<li><a href=\"http:\/\/www.fuw.edu.pl\/wo\/\">Zaj\u0119cia otwarte z fizyki na FUWie<\/a><\/li>\n<\/ul>\n<\/div><figure class=\"wp-block-media-text__media\"><img loading=\"lazy\" decoding=\"async\" width=\"320\" height=\"500\" src=\"http:\/\/ochota.fuw.edu.pl\/wp-content\/uploads\/2025\/06\/sliwka_m.png\" alt=\"\" class=\"wp-image-177 size-full\"\/><\/figure><\/div>\n","protected":false},"excerpt":{"rendered":"","protected":false},"author":1,"featured_media":0,"parent":0,"menu_order":0,"comment_status":"closed","ping_status":"open","template":"","meta":{"ngg_post_thumbnail":0,"footnotes":""},"class_list":["post-2","page","type-page","status-publish","hentry","no-image"],"_links":{"self":[{"href":"https:\/\/ochota.fuw.edu.pl\/index.php\/wp-json\/wp\/v2\/pages\/2","targetHints":{"allow":["GET"]}}],"collection":[{"href":"https:\/\/ochota.fuw.edu.pl\/index.php\/wp-json\/wp\/v2\/pages"}],"about":[{"href":"https:\/\/ochota.fuw.edu.pl\/index.php\/wp-json\/wp\/v2\/types\/page"}],"author":[{"embeddable":true,"href":"https:\/\/ochota.fuw.edu.pl\/index.php\/wp-json\/wp\/v2\/users\/1"}],"replies":[{"embeddable":true,"href":"https:\/\/ochota.fuw.edu.pl\/index.php\/wp-json\/wp\/v2\/comments?post=2"}],"version-history":[{"count":17,"href":"https:\/\/ochota.fuw.edu.pl\/index.php\/wp-json\/wp\/v2\/pages\/2\/revisions"}],"predecessor-version":[{"id":1352,"href":"https:\/\/ochota.fuw.edu.pl\/index.php\/wp-json\/wp\/v2\/pages\/2\/revisions\/1352"}],"wp:attachment":[{"href":"https:\/\/ochota.fuw.edu.pl\/index.php\/wp-json\/wp\/v2\/media?parent=2"}],"curies":[{"name":"wp","href":"https:\/\/api.w.org\/{rel}","templated":true}]}}