{"id":132,"date":"2019-11-20T09:04:49","date_gmt":"2019-11-20T08:04:49","guid":{"rendered":"http:\/\/webek7.fuw.edu.pl\/ochota\/?page_id=132"},"modified":"2025-09-01T15:22:32","modified_gmt":"2025-09-01T13:22:32","slug":"harmonogramy","status":"publish","type":"page","link":"https:\/\/ochota.fuw.edu.pl\/index.php\/harmonogramy\/","title":{"rendered":"Harmonogram"},"content":{"rendered":"\n<div class=\"wp-block-media-text alignwide is-stacked-on-mobile is-vertically-aligned-top\" style=\"grid-template-columns:35% auto\"><figure class=\"wp-block-media-text__media\"><img loading=\"lazy\" decoding=\"async\" width=\"289\" height=\"500\" src=\"http:\/\/ochota.fuw.edu.pl\/wp-content\/uploads\/2025\/06\/pomidor_m.png\" alt=\"\" class=\"wp-image-179 size-full\"\/><\/figure><div class=\"wp-block-media-text__content\">\n<h4 class=\"wp-block-heading\">Edycja 2025\/26<\/h4>\n\n\n\n<p><strong>Sesja jesienna:<\/strong><\/p>\n\n\n\n<ul class=\"wp-block-list\">\n<li>od 6 pa\u017adziernika 2025 do 10 pa\u017adziernika 2025 (do 16:00) \u2013 nab\u00f3r wniosk\u00f3w w sesji jesiennej\u00a0<\/li>\n\n\n\n<li>od 13 pa\u017adziernika 2025 do 17 pa\u017adziernika 2025 \u2013 ocena wniosk\u00f3w\u00a0<\/li>\n\n\n\n<li>17 pa\u017adziernika 2025 \u2013 og\u0142oszenie wynik\u00f3w konkursu (oko\u0142o 7 grant\u00f3w)\u00a0<\/li>\n\n\n\n<li>od 20 pa\u017adziernika 2025 do 30 stycznia 2026 \u2013 realizacja grant\u00f3w w sesji jesiennej\u00a0<\/li>\n\n\n\n<li>12 grudnia 2025 \u2013 spotkanie integracyjne uczestnik\u00f3w programu<\/li>\n\n\n\n<li>do 19grudnia 2025 \u2013 rozliczenie finansowe grant\u00f3w sesji jesiennej\u00a0<\/li>\n<\/ul>\n\n\n\n<p><strong>Sesja wiosenna:<\/strong><\/p>\n\n\n\n<ul class=\"wp-block-list\">\n<li>od 6 stycznia 2026 do 13 lutego 2026 (do 16:00) \u2013 nab\u00f3r wniosk\u00f3w w sesji wiosennej\u00a0<\/li>\n\n\n\n<li>od 16 lutego 2026 do 27 lutego 2026 \u2013 ocena wniosk\u00f3w\u00a0<\/li>\n\n\n\n<li>27 lutego 2026 \u2013 og\u0142oszenie wynik\u00f3w konkursu (oko\u0142o 7 grant\u00f3w)\u00a0<\/li>\n\n\n\n<li>od 27 lutego 2026 do 19 czerwca 2026 \u2013 realizacja grant\u00f3w w sesji wiosennej\u00a0<\/li>\n<\/ul>\n\n\n\n<p><strong>Zako\u0144czenie projektu<\/strong><\/p>\n\n\n\n<p class=\"has-text-align-left\">W pierwszej po\u0142owie czerwca odb\u0119dzie si\u0119 konferencja podsumowuj\u0105ca projekt. Zaproszone b\u0119d\u0105 na ni\u0105 wszystkie grupy projektowe wraz z kolegami, rodzicami, nauczycielami oraz spo\u0142eczno\u015b\u0107 akademicka Kampusu Ochota. Konferencji towarzyszy\u0107 b\u0119dzie wystawa plakat\u00f3w przygotowanych przez grupy projektowe.&nbsp;<\/p>\n<\/div><\/div>\n","protected":false},"excerpt":{"rendered":"","protected":false},"author":1,"featured_media":0,"parent":0,"menu_order":0,"comment_status":"closed","ping_status":"closed","template":"","meta":{"ngg_post_thumbnail":0,"footnotes":""},"class_list":["post-132","page","type-page","status-publish","hentry","no-image"],"_links":{"self":[{"href":"https:\/\/ochota.fuw.edu.pl\/index.php\/wp-json\/wp\/v2\/pages\/132","targetHints":{"allow":["GET"]}}],"collection":[{"href":"https:\/\/ochota.fuw.edu.pl\/index.php\/wp-json\/wp\/v2\/pages"}],"about":[{"href":"https:\/\/ochota.fuw.edu.pl\/index.php\/wp-json\/wp\/v2\/types\/page"}],"author":[{"embeddable":true,"href":"https:\/\/ochota.fuw.edu.pl\/index.php\/wp-json\/wp\/v2\/users\/1"}],"replies":[{"embeddable":true,"href":"https:\/\/ochota.fuw.edu.pl\/index.php\/wp-json\/wp\/v2\/comments?post=132"}],"version-history":[{"count":27,"href":"https:\/\/ochota.fuw.edu.pl\/index.php\/wp-json\/wp\/v2\/pages\/132\/revisions"}],"predecessor-version":[{"id":1329,"href":"https:\/\/ochota.fuw.edu.pl\/index.php\/wp-json\/wp\/v2\/pages\/132\/revisions\/1329"}],"wp:attachment":[{"href":"https:\/\/ochota.fuw.edu.pl\/index.php\/wp-json\/wp\/v2\/media?parent=132"}],"curies":[{"name":"wp","href":"https:\/\/api.w.org\/{rel}","templated":true}]}}